{"id":374,"date":"2024-08-02T15:01:11","date_gmt":"2024-08-02T13:01:11","guid":{"rendered":"https:\/\/projet2sens.com\/?page_id=374"},"modified":"2024-09-11T15:27:00","modified_gmt":"2024-09-11T13:27:00","slug":"lanalyse-transactionnelle","status":"publish","type":"page","link":"https:\/\/projet2sens.com\/?page_id=374","title":{"rendered":"L&rsquo;analyse transactionnelle"},"content":{"rendered":"<p>[et_pb_section fb_built=\u00a0\u00bb1&Prime; fullwidth=\u00a0\u00bbon\u00a0\u00bb _builder_version=\u00a0\u00bb4.27.0&Prime; _module_preset=\u00a0\u00bbdefault\u00a0\u00bb global_colors_info=\u00a0\u00bb{}\u00a0\u00bb][et_pb_fullwidth_header title=\u00a0\u00bbL&rsquo;Analyse Transactionnelle\u00a0\u00bb subhead=\u00a0\u00bbPosture Concepts, Origines\u00a0\u00bb header_image_url=\u00a0\u00bbhttps:\/\/projet2sens.com\/wp-content\/uploads\/2024\/08\/IMG_4586.jpg\u00a0\u00bb _builder_version=\u00a0\u00bb4.27.0&Prime; _module_preset=\u00a0\u00bbdefault\u00a0\u00bb title_font=\u00a0\u00bbPoppins||||||||\u00a0\u00bb title_font_size=\u00a0\u00bb61px\u00a0\u00bb hover_enabled=\u00a0\u00bb0&Prime; global_colors_info=\u00a0\u00bb{}\u00a0\u00bb title_font_size_last_edited=\u00a0\u00bbon|tablet\u00a0\u00bb sticky_enabled=\u00a0\u00bb0&Prime; title_font_size_phone=\u00a0\u00bb34px\u00a0\u00bb title_font_size_tablet=\u00a0\u00bb35px\u00a0\u00bb][\/et_pb_fullwidth_header][\/et_pb_section][et_pb_section fb_built=\u00a0\u00bb1&Prime; _builder_version=\u00a0\u00bb4.27.0&Prime; _module_preset=\u00a0\u00bbdefault\u00a0\u00bb global_colors_info=\u00a0\u00bb{}\u00a0\u00bb][et_pb_row column_structure=\u00a0\u00bb1_3,1_3,1_3&Prime; use_custom_gutter=\u00a0\u00bbon\u00a0\u00bb gutter_width=\u00a0\u00bb1&Prime; _builder_version=\u00a0\u00bb4.27.0&Prime; _module_preset=\u00a0\u00bbdefault\u00a0\u00bb width=\u00a0\u00bb90%\u00a0\u00bb max_width=\u00a0\u00bb90%\u00a0\u00bb locked=\u00a0\u00bboff\u00a0\u00bb global_colors_info=\u00a0\u00bb{}\u00a0\u00bb][et_pb_column type=\u00a0\u00bb1_3&Prime; _builder_version=\u00a0\u00bb4.27.0&Prime; _module_preset=\u00a0\u00bbdefault\u00a0\u00bb global_colors_info=\u00a0\u00bb{}\u00a0\u00bb][et_pb_blurb title=\u00a0\u00bbPosture\u00a0\u00bb use_icon=\u00a0\u00bbon\u00a0\u00bb font_icon=\u00a0\u00bb&#xe106;||divi||400&Prime; icon_color=\u00a0\u00bbgcid-2762fa02-31d9-46d6-82b5-a327b359a0ec\u00a0\u00bb image_icon_background_color=\u00a0\u00bbRGBA(255,255,255,0)\u00a0\u00bb icon_placement=\u00a0\u00bbleft\u00a0\u00bb image_icon_width=\u00a0\u00bb80px\u00a0\u00bb _builder_version=\u00a0\u00bb4.27.0&Prime; _module_preset=\u00a0\u00bbdefault\u00a0\u00bb header_font=\u00a0\u00bbPoppins|700|||||||\u00a0\u00bb header_text_align=\u00a0\u00bbleft\u00a0\u00bb header_text_color=\u00a0\u00bbgcid-2762fa02-31d9-46d6-82b5-a327b359a0ec\u00a0\u00bb header_font_size=\u00a0\u00bb18px\u00a0\u00bb text_orientation=\u00a0\u00bbjustified\u00a0\u00bb custom_margin=\u00a0\u00bb0px|0px|3%|0px|false|false\u00a0\u00bb custom_padding=\u00a0\u00bb|10%||10%|true|true\u00a0\u00bb locked=\u00a0\u00bboff\u00a0\u00bb global_colors_info=\u00a0\u00bb{%22gcid-2762fa02-31d9-46d6-82b5-a327b359a0ec%22:%91%22icon_color%22,%22header_text_color%22%93}\u00a0\u00bb][\/et_pb_blurb][et_pb_text _builder_version=\u00a0\u00bb4.27.0&Prime; _module_preset=\u00a0\u00bbdefault\u00a0\u00bb custom_margin=\u00a0\u00bb0px|0px|7%|0px|false|false\u00a0\u00bb custom_padding=\u00a0\u00bb|5%||5%|false|true\u00a0\u00bb locked=\u00a0\u00bboff\u00a0\u00bb global_colors_info=\u00a0\u00bb{}\u00a0\u00bb]<\/p>\n<p style=\"text-align: justify;\">Mon objectif est de vous accompagner dans une d\u00e9marche de d\u00e9veloppement personnel et professionnel, en respectant votre rythme et vos besoins.Plusieurs principes cl\u00e9s favorisent efficace et respectueux de qui vous \u00eates.<\/p>\n<p style=\"text-align: justify;\"><strong>Neutralit\u00e9 bienveillante.<\/strong> En tant que coach, je m&rsquo;efforce de rester neutre, sans jugements ni a priori. Je suis l\u00e0 pour accompagner le client dans son exploration, sans imposer mes propres opinions ou solutions.<\/p>\n<p style=\"text-align: justify;\"><strong>Autonomie du client.<\/strong> Je crois en la capacit\u00e9 de mon client \u00e0 trouver ses propres solutions. Mon r\u00f4le est de l&rsquo;aider \u00e0 prendre conscience de ses modes de fonctionnement et \u00e0 d\u00e9velopper son autonomie.<\/p>\n<p style=\"text-align: justify;\"><strong>Reconnaissance et validation.<\/strong> J&rsquo;accorde une grande importance \u00e0 la reconnaissance positive, en validant les sentiments, les exp\u00e9riences et les progr\u00e8s du client, afin de renforcer sa confiance en lui.<\/p>\n<p style=\"text-align: justify;\"><strong>\u00c9coute active et empathie.<\/strong> Je pratique une \u00e9coute active, en \u00e9tant pleinement pr\u00e9sent et en cherchant \u00e0 comprendre profond\u00e9ment ce que le client exprime, tant sur le plan verbal que non-verbal.<\/p>\n<p style=\"text-align: justify;\"><strong>Responsabilisation.<\/strong> J&rsquo;encourage le client \u00e0 prendre la responsabilit\u00e9 de ses choix et actions. Je suis un facilitateur qui aide le client \u00e0 clarifier ses objectifs et \u00e0 prendre des d\u00e9cisions en conscience.<\/p>\n<p style=\"text-align: justify;\"><strong>Clarification des contrats.<\/strong> Dans l&rsquo;esprit de l&rsquo;analyse transactionnelle, je m&rsquo;assure que les objectifs de coaching sont clairs et partag\u00e9s, \u00e9tablissant un contrat de travail mutuellement accept\u00e9.<\/p>\n<p style=\"text-align: justify;\">\n<p>&nbsp;<\/p>\n<p>[\/et_pb_text][\/et_pb_column][et_pb_column type=\u00a0\u00bb1_3&Prime; _builder_version=\u00a0\u00bb4.27.0&Prime; _module_preset=\u00a0\u00bbdefault\u00a0\u00bb global_colors_info=\u00a0\u00bb{}\u00a0\u00bb][et_pb_blurb title=\u00a0\u00bbConcepts\u00a0\u00bb use_icon=\u00a0\u00bbon\u00a0\u00bb font_icon=\u00a0\u00bb&#xe08c;||divi||400&Prime; icon_color=\u00a0\u00bbgcid-2762fa02-31d9-46d6-82b5-a327b359a0ec\u00a0\u00bb image_icon_background_color=\u00a0\u00bbRGBA(255,255,255,0)\u00a0\u00bb icon_placement=\u00a0\u00bbleft\u00a0\u00bb image_icon_width=\u00a0\u00bb80px\u00a0\u00bb _builder_version=\u00a0\u00bb4.27.0&Prime; _module_preset=\u00a0\u00bbdefault\u00a0\u00bb header_font=\u00a0\u00bbPoppins|700|||||||\u00a0\u00bb header_text_align=\u00a0\u00bbleft\u00a0\u00bb header_text_color=\u00a0\u00bbgcid-2762fa02-31d9-46d6-82b5-a327b359a0ec\u00a0\u00bb header_font_size=\u00a0\u00bb18px\u00a0\u00bb text_orientation=\u00a0\u00bbjustified\u00a0\u00bb custom_margin=\u00a0\u00bb0px|0px|3%|0px|false|false\u00a0\u00bb custom_padding=\u00a0\u00bb|10%||10%|true|true\u00a0\u00bb locked=\u00a0\u00bboff\u00a0\u00bb global_colors_info=\u00a0\u00bb{%22gcid-2762fa02-31d9-46d6-82b5-a327b359a0ec%22:%91%22icon_color%22,%22header_text_color%22%93}\u00a0\u00bb][\/et_pb_blurb][et_pb_text _builder_version=\u00a0\u00bb4.27.0&Prime; _module_preset=\u00a0\u00bbdefault\u00a0\u00bb custom_margin=\u00a0\u00bb0px|0px|7%|0px|false|false\u00a0\u00bb custom_padding=\u00a0\u00bb|5%||5%|false|true\u00a0\u00bb locked=\u00a0\u00bboff\u00a0\u00bb global_colors_info=\u00a0\u00bb{}\u00a0\u00bb]<\/p>\n<p style=\"text-align: justify;\">L&rsquo;analyse transactionnelle repose sur plusieurs concepts cl\u00e9s utilis\u00e9s pour analyser les interactions sociales et comprendre les dynamiques relationnelles dans divers contextes, tels que la th\u00e9rapie, l&rsquo;organisation et la vie quotidienne. En voici quelques uns.<\/p>\n<p style=\"text-align: justify;\"><strong>Les \u00c9tats du Moi<\/strong> : Selon Berne, la personnalit\u00e9 se divise en trois \u00e9tats du moi, qui repr\u00e9sentent diff\u00e9rentes fa\u00e7ons de penser, de sentir et de se comporter :<\/p>\n<p style=\"text-align: justify;\"><span class=\"Apple-converted-space\">\u00a0\u00a0 <\/span>&#8211; <strong>Parent<\/strong> : Regroupe les comportements, pens\u00e9es et sentiments appris de figures parentales ou d&rsquo;autorit\u00e9.<\/p>\n<p style=\"text-align: justify;\"><span class=\"Apple-converted-space\">\u00a0\u00a0 <\/span>&#8211; <strong>Adulte<\/strong> : Repr\u00e9sente la capacit\u00e9 de penser et d&rsquo;agir de mani\u00e8re rationnelle et objective, en fonction de la r\u00e9alit\u00e9 actuelle.<\/p>\n<p style=\"text-align: justify;\"><span class=\"Apple-converted-space\">\u00a0\u00a0 <\/span>&#8211; <strong>Enfant<\/strong> : Repr\u00e9sente les r\u00e9actions \u00e9motionnelles et les comportements acquis durant l&rsquo;enfance.<\/p>\n<p style=\"text-align: justify;\"><strong>Les Transactions<\/strong> : Ce sont les \u00e9changes de communication entre les \u00e9tats du moi de deux personnes. Les transactions peuvent \u00eatre analys\u00e9es pour comprendre et rem\u00e9dier aux difficult\u00e9s relationelles.<\/p>\n<p style=\"text-align: justify;\"><strong>Les Jeux Psychologiques<\/strong>: Ce sont des sch\u00e9mas r\u00e9p\u00e9titifs de communication dans lesquels les participants jouent des r\u00f4les sp\u00e9cifiques qui aboutissent \u00e0 des issues n\u00e9gatives ou conflictuelles.<\/p>\n<p style=\"text-align: justify;\"><strong>Le Sc\u00e9nario de Vie<\/strong> : Un sc\u00e9nario de vie est un plan de vie inconscient, form\u00e9 durant l&rsquo;enfance, bas\u00e9 sur les influences parentales et les d\u00e9cisions prises par l&rsquo;enfant pour s&rsquo;adapter \u00e0 son environnement. Ce sc\u00e9nario influence la mani\u00e8re dont une personne vit sa vie adulte.<\/p>\n<p>&nbsp;<\/p>\n<p>[\/et_pb_text][\/et_pb_column][et_pb_column type=\u00a0\u00bb1_3&Prime; _builder_version=\u00a0\u00bb4.27.0&Prime; _module_preset=\u00a0\u00bbdefault\u00a0\u00bb global_colors_info=\u00a0\u00bb{}\u00a0\u00bb][et_pb_blurb title=\u00a0\u00bbOrigines\u00a0\u00bb use_icon=\u00a0\u00bbon\u00a0\u00bb font_icon=\u00a0\u00bb&#xf7d3;||fa||400&Prime; icon_color=\u00a0\u00bbgcid-2762fa02-31d9-46d6-82b5-a327b359a0ec\u00a0\u00bb image_icon_background_color=\u00a0\u00bbRGBA(255,255,255,0)\u00a0\u00bb icon_placement=\u00a0\u00bbleft\u00a0\u00bb image_icon_width=\u00a0\u00bb80px\u00a0\u00bb _builder_version=\u00a0\u00bb4.27.0&Prime; _module_preset=\u00a0\u00bbdefault\u00a0\u00bb header_font=\u00a0\u00bbPoppins|700|||||||\u00a0\u00bb header_text_align=\u00a0\u00bbleft\u00a0\u00bb header_text_color=\u00a0\u00bbgcid-2762fa02-31d9-46d6-82b5-a327b359a0ec\u00a0\u00bb header_font_size=\u00a0\u00bb18px\u00a0\u00bb text_orientation=\u00a0\u00bbjustified\u00a0\u00bb custom_margin=\u00a0\u00bb0px|0px|3%|0px|false|false\u00a0\u00bb custom_padding=\u00a0\u00bb|10%||10%|true|true\u00a0\u00bb locked=\u00a0\u00bboff\u00a0\u00bb global_colors_info=\u00a0\u00bb{%22gcid-2762fa02-31d9-46d6-82b5-a327b359a0ec%22:%91%22icon_color%22,%22header_text_color%22%93}\u00a0\u00bb][\/et_pb_blurb][et_pb_text _builder_version=\u00a0\u00bb4.27.0&Prime; _module_preset=\u00a0\u00bbdefault\u00a0\u00bb custom_margin=\u00a0\u00bb0px|0px|7%|0px|false|false\u00a0\u00bb custom_padding=\u00a0\u00bb|5%||5%|false|true\u00a0\u00bb locked=\u00a0\u00bboff\u00a0\u00bb global_colors_info=\u00a0\u00bb{}\u00a0\u00bb]<\/p>\n<p style=\"text-align: justify;\">L&rsquo;analyse transactionnelle (AT) a \u00e9t\u00e9 d\u00e9velopp\u00e9e par le psychiatre canadien <strong>Eric Berne<\/strong> dans les ann\u00e9es 1950. Ses origines sont ancr\u00e9es dans plusieurs c<strong>ourants de pens\u00e9e et th\u00e9ories psychologiques :<\/strong><\/p>\n<p style=\"text-align: justify;\"><strong>La Psychanalyse<\/strong> : Eric Berne a \u00e9t\u00e9 form\u00e9 en tant que psychanalyste sous la direction de Paul Federn, un proche collaborateur de Sigmund Freud. La psychanalyse, avec son accent sur les <strong>structures de la personnalit\u00e9<\/strong> et les <strong>conflits intrapsychiques<\/strong>, a fortement influenc\u00e9 Berne. Cependant, il s&rsquo;est \u00e9loign\u00e9 de la psychanalyse traditionnelle, notamment en raison de son insatisfaction face \u00e0 la dur\u00e9e et \u00e0 la complexit\u00e9 de cette approche. Il voulait cr\u00e9er <strong>un mod\u00e8le plus accessible, compr\u00e9hensible et pragmatique.<\/strong><\/p>\n<p style=\"text-align: justify;\"><strong>Les Th\u00e9ories de la Personnalit\u00e9<\/strong>: Berne s&rsquo;est int\u00e9ress\u00e9 aux diff\u00e9rentes th\u00e9ories de la personnalit\u00e9 et \u00e0 la mani\u00e8re dont elles influencent les comportements humains. Il a notamment \u00e9t\u00e9 influenc\u00e9 par les travaux sur les \u00ab\u00a0types de personnalit\u00e9\u00a0\u00bb et la structure de l&rsquo;ego.<\/p>\n<p style=\"text-align: justify;\"><strong>La Psychologie Humaniste:<\/strong> Berne partageait certaines valeurs de la psychologie humaniste, comme l&rsquo;importance de la <strong>capacit\u00e9 de chaque individu \u00e0 changer et \u00e0 cro\u00eetre<\/strong>, ainsi que la croyance en la <strong>dignit\u00e9 et la valeur de chaque personne.<\/strong> L&rsquo;accent mis sur le <strong>potentiel humain<\/strong> et la capacit\u00e9 \u00e0 <strong>prendre des d\u00e9cisions conscientes<\/strong> dans l&rsquo;AT refl\u00e8te cette influence.<\/p>\n<p style=\"text-align: justify;\"><strong>La Th\u00e9orie de la Communication<\/strong>\u00a0: Berne s&rsquo;est \u00e9galement inspir\u00e9 des recherches sur la communication interpersonnelle. Il a observ\u00e9 que les interactions entre les individus peuvent \u00eatre analys\u00e9es en termes de transactions, ou \u00e9changes de messages, qui r\u00e9v\u00e8lent les \u00e9tats du moi (Parent, Adulte, Enfant) des participants.<\/p>\n<p style=\"text-align: justify;\"><strong>La Sociologie et l&rsquo;Anthropologie<\/strong>\u00a0: Berne s&rsquo;int\u00e9ressait \u00e9galement \u00e0 la mani\u00e8re dont les structures sociales et les r\u00f4les culturels influencent les comportements individuels. Cette perspective l&rsquo;a aid\u00e9 \u00e0 d\u00e9velopper son concept de \u00ab\u00a0jeux psychologiques\u00a0\u00bb et de \u00ab\u00a0sc\u00e9narios de vie\u00a0\u00bb, qui montrent comment les comportements appris et les attentes sociales fa\u00e7onnent les interactions et les choix de vie.<\/p>\n<p style=\"text-align: justify;\">L&rsquo;AT est donc le r\u00e9sultat d&rsquo;une synth\u00e8se entre ces diverses influences, combin\u00e9es \u00e0 l&rsquo;observation clinique et au <strong>d\u00e9sir de cr\u00e9er un outil pratique pour comprendre et am\u00e9liorer les relations humaines.\u00a0<\/strong><\/p>\n<p>[\/et_pb_text][\/et_pb_column][\/et_pb_row][\/et_pb_section]<\/p>\n","protected":false},"excerpt":{"rendered":"<p>Mon objectif est de vous accompagner dans une d\u00e9marche de d\u00e9veloppement personnel et professionnel, en respectant votre rythme et vos besoins.Plusieurs principes cl\u00e9s favorisent efficace et respectueux de qui vous \u00eates. Neutralit\u00e9 bienveillante. En tant que coach, je m&rsquo;efforce de rester neutre, sans jugements ni a priori. Je suis l\u00e0 pour accompagner le client dans [&hellip;]<\/p>\n","protected":false},"author":1,"featured_media":0,"parent":0,"menu_order":0,"comment_status":"closed","ping_status":"closed","template":"","meta":{"_et_pb_use_builder":"on","_et_pb_old_content":"","_et_gb_content_width":"","_themeisle_gutenberg_block_has_review":false,"footnotes":""},"class_list":["post-374","page","type-page","status-publish","hentry"],"_links":{"self":[{"href":"https:\/\/projet2sens.com\/index.php?rest_route=\/wp\/v2\/pages\/374","targetHints":{"allow":["GET"]}}],"collection":[{"href":"https:\/\/projet2sens.com\/index.php?rest_route=\/wp\/v2\/pages"}],"about":[{"href":"https:\/\/projet2sens.com\/index.php?rest_route=\/wp\/v2\/types\/page"}],"author":[{"embeddable":true,"href":"https:\/\/projet2sens.com\/index.php?rest_route=\/wp\/v2\/users\/1"}],"replies":[{"embeddable":true,"href":"https:\/\/projet2sens.com\/index.php?rest_route=%2Fwp%2Fv2%2Fcomments&post=374"}],"version-history":[{"count":10,"href":"https:\/\/projet2sens.com\/index.php?rest_route=\/wp\/v2\/pages\/374\/revisions"}],"predecessor-version":[{"id":1207,"href":"https:\/\/projet2sens.com\/index.php?rest_route=\/wp\/v2\/pages\/374\/revisions\/1207"}],"wp:attachment":[{"href":"https:\/\/projet2sens.com\/index.php?rest_route=%2Fwp%2Fv2%2Fmedia&parent=374"}],"curies":[{"name":"wp","href":"https:\/\/api.w.org\/{rel}","templated":true}]}}